{"id":462,"date":"2021-03-29T12:14:38","date_gmt":"2021-03-29T12:14:38","guid":{"rendered":"https:\/\/janeagenciacreativa.com\/index.php\/about\/"},"modified":"2026-03-07T22:44:37","modified_gmt":"2026-03-07T22:44:37","slug":"conoceme","status":"publish","type":"page","link":"https:\/\/janeagenciacreativa.com\/index.php\/conoceme\/","title":{"rendered":"Con\u00f3ceme"},"content":{"rendered":"\t\t<div data-elementor-type=\"wp-page\" data-elementor-id=\"462\" class=\"elementor elementor-462\" data-elementor-post-type=\"page\">\n\t\t\t\t\t\t<section class=\"elementor-section elementor-top-section elementor-element elementor-element-e037cb8 elementor-section-boxed elementor-section-height-default elementor-section-height-default\" data-id=\"e037cb8\" data-element_type=\"section\">\n\t\t\t\t\t\t<div class=\"elementor-container elementor-column-gap-default\">\n\t\t\t\t\t<div class=\"elementor-column elementor-col-50 elementor-top-column elementor-element elementor-element-c867ec7\" data-id=\"c867ec7\" data-element_type=\"column\">\n\t\t\t<div class=\"elementor-widget-wrap elementor-element-populated\">\n\t\t\t\t\t\t<div class=\"elementor-element elementor-element-62acedf elementor-widget elementor-widget-spacer\" data-id=\"62acedf\" data-element_type=\"widget\" data-widget_type=\"spacer.default\">\n\t\t\t\t<div class=\"elementor-widget-container\">\n\t\t\t\t\t\t\t<div class=\"elementor-spacer\">\n\t\t\t<div class=\"elementor-spacer-inner\"><\/div>\n\t\t<\/div>\n\t\t\t\t\t\t<\/div>\n\t\t\t\t<\/div>\n\t\t\t\t<div class=\"elementor-element elementor-element-a59b6b1 elementor-invisible elementor-widget elementor-widget-heading\" data-id=\"a59b6b1\" data-element_type=\"widget\" data-settings=\"{&quot;_animation&quot;:&quot;fadeInUp&quot;}\" data-widget_type=\"heading.default\">\n\t\t\t\t<div class=\"elementor-widget-container\">\n\t\t\t\t\t<h2 class=\"elementor-heading-title elementor-size-default\">\u00a1Hola soy Jane!<\/h2>\t\t\t\t<\/div>\n\t\t\t\t<\/div>\n\t\t\t\t<div class=\"elementor-element elementor-element-953bc3a elementor-invisible elementor-widget elementor-widget-heading\" data-id=\"953bc3a\" data-element_type=\"widget\" data-settings=\"{&quot;_animation&quot;:&quot;fadeInUp&quot;}\" data-widget_type=\"heading.default\">\n\t\t\t\t<div class=\"elementor-widget-container\">\n\t\t\t\t\t<h2 class=\"elementor-heading-title elementor-size-default\">Fundadora de @JaneAgenciaCreativa<\/h2>\t\t\t\t<\/div>\n\t\t\t\t<\/div>\n\t\t\t\t<div class=\"elementor-element elementor-element-279df6c elementor-invisible elementor-widget elementor-widget-text-editor\" data-id=\"279df6c\" data-element_type=\"widget\" data-settings=\"{&quot;_animation&quot;:&quot;fadeInUp&quot;}\" data-widget_type=\"text-editor.default\">\n\t\t\t\t<div class=\"elementor-widget-container\">\n\t\t\t\t\t\t\t\t\t<p data-start=\"182\" data-end=\"338\">Soy la mente creativa detr\u00e1s de Jane Michelle Agencia Creativa, un espacio donde las ideas se transforman en marcas con identidad, intenci\u00f3n y conexi\u00f3n.<\/p><p data-start=\"340\" data-end=\"603\">Mi camino comenz\u00f3 en 2019 en Venezuela, creando fotograf\u00eda para cursos y proyectos de maquilladoras, tiendas de ropas online y de accesorios. All\u00ed descubr\u00ed algo que marc\u00f3 mi direcci\u00f3n: cada emprendimiento tiene una historia \u00fanica que merece ser comunicada de forma aut\u00e9ntica.<\/p><p data-start=\"605\" data-end=\"796\">Con el tiempo, la fotograf\u00eda evolucion\u00f3 hacia el dise\u00f1o de identidades visuales, papeler\u00eda creativa y piezas gr\u00e1ficas pensadas para ayudar a las marcas a crecer con coherencia y personalidad.<\/p><p data-start=\"798\" data-end=\"993\">Hoy, desde Madrid, acompa\u00f1o especialmente a restaurantes, cafeter\u00edas, joyer\u00edas y marcas femeninas a construir marcas que no solo se vean bonitas, sino que conecten, transmitan y dejen huella.<\/p><p data-start=\"995\" data-end=\"1204\">Soy creativa, anal\u00edtica y muy organizada, pero tambi\u00e9n creo que las mejores ideas nacen en los momentos simples: disfrutando un buen caf\u00e9, compartiendo con amigas o explorando nuevas formas de crear.<\/p><p data-start=\"1206\" data-end=\"1287\">Porque para m\u00ed, una marca no es solo dise\u00f1o.<br data-start=\"1250\" data-end=\"1253\" \/>Es identidad, emoci\u00f3n y prop\u00f3sito.<\/p>\t\t\t\t\t\t\t\t<\/div>\n\t\t\t\t<\/div>\n\t\t\t\t<section class=\"elementor-section elementor-inner-section elementor-element elementor-element-e6ec6c5 elementor-section-boxed elementor-section-height-default elementor-section-height-default\" data-id=\"e6ec6c5\" data-element_type=\"section\">\n\t\t\t\t\t\t<div class=\"elementor-container elementor-column-gap-no\">\n\t\t\t\t\t<div class=\"elementor-column elementor-col-33 elementor-inner-column elementor-element elementor-element-800b141\" data-id=\"800b141\" data-element_type=\"column\">\n\t\t\t<div class=\"elementor-widget-wrap elementor-element-populated\">\n\t\t\t\t\t\t<div class=\"elementor-element elementor-element-36efbea elementor-view-default elementor-position-top elementor-mobile-position-top elementor-invisible elementor-widget elementor-widget-icon-box\" data-id=\"36efbea\" data-element_type=\"widget\" data-settings=\"{&quot;_animation&quot;:&quot;fadeInUp&quot;}\" data-widget_type=\"icon-box.default\">\n\t\t\t\t<div class=\"elementor-widget-container\">\n\t\t\t\t\t\t\t<div class=\"elementor-icon-box-wrapper\">\n\n\t\t\t\t\t\t<div class=\"elementor-icon-box-icon\">\n\t\t\t\t<a href=\"https:\/\/www.tiktok.com\/@janeagenciacreativa\" class=\"elementor-icon\" tabindex=\"-1\">\n\t\t\t\t<i aria-hidden=\"true\" class=\"fab fa-tiktok\"><\/i>\t\t\t\t<\/a>\n\t\t\t<\/div>\n\t\t\t\n\t\t\t\t\t\t<div class=\"elementor-icon-box-content\">\n\n\t\t\t\t\n\t\t\t\t\t\t\t\t\t<p class=\"elementor-icon-box-description\">\n\t\t\t\t\t\tTIK TOK\t\t\t\t\t<\/p>\n\t\t\t\t\n\t\t\t<\/div>\n\t\t\t\n\t\t<\/div>\n\t\t\t\t\t\t<\/div>\n\t\t\t\t<\/div>\n\t\t\t\t\t<\/div>\n\t\t<\/div>\n\t\t\t\t<div class=\"elementor-column elementor-col-33 elementor-inner-column elementor-element elementor-element-29d6033\" data-id=\"29d6033\" data-element_type=\"column\">\n\t\t\t<div class=\"elementor-widget-wrap elementor-element-populated\">\n\t\t\t\t\t\t<div class=\"elementor-element elementor-element-9794371 elementor-view-default elementor-position-top elementor-mobile-position-top elementor-invisible elementor-widget elementor-widget-icon-box\" data-id=\"9794371\" data-element_type=\"widget\" data-settings=\"{&quot;_animation&quot;:&quot;fadeInUp&quot;}\" data-widget_type=\"icon-box.default\">\n\t\t\t\t<div class=\"elementor-widget-container\">\n\t\t\t\t\t\t\t<div class=\"elementor-icon-box-wrapper\">\n\n\t\t\t\t\t\t<div class=\"elementor-icon-box-icon\">\n\t\t\t\t<a href=\"https:\/\/www.instagram.com\/janeagenciacreativa\/?hl=es\" class=\"elementor-icon\" tabindex=\"-1\">\n\t\t\t\t<i aria-hidden=\"true\" class=\"fab fa-instagram\"><\/i>\t\t\t\t<\/a>\n\t\t\t<\/div>\n\t\t\t\n\t\t\t\t\t\t<div class=\"elementor-icon-box-content\">\n\n\t\t\t\t\n\t\t\t\t\t\t\t\t\t<p class=\"elementor-icon-box-description\">\n\t\t\t\t\t\tINSTAGRAM\t\t\t\t\t<\/p>\n\t\t\t\t\n\t\t\t<\/div>\n\t\t\t\n\t\t<\/div>\n\t\t\t\t\t\t<\/div>\n\t\t\t\t<\/div>\n\t\t\t\t\t<\/div>\n\t\t<\/div>\n\t\t\t\t<div class=\"elementor-column elementor-col-33 elementor-inner-column elementor-element elementor-element-d67b90d\" data-id=\"d67b90d\" data-element_type=\"column\">\n\t\t\t<div class=\"elementor-widget-wrap\">\n\t\t\t\t\t\t\t<\/div>\n\t\t<\/div>\n\t\t\t\t\t<\/div>\n\t\t<\/section>\n\t\t\t\t<div class=\"elementor-element elementor-element-715645d elementor-widget elementor-widget-spacer\" data-id=\"715645d\" data-element_type=\"widget\" data-widget_type=\"spacer.default\">\n\t\t\t\t<div class=\"elementor-widget-container\">\n\t\t\t\t\t\t\t<div class=\"elementor-spacer\">\n\t\t\t<div class=\"elementor-spacer-inner\"><\/div>\n\t\t<\/div>\n\t\t\t\t\t\t<\/div>\n\t\t\t\t<\/div>\n\t\t\t\t\t<\/div>\n\t\t<\/div>\n\t\t\t\t<div class=\"elementor-column elementor-col-50 elementor-top-column elementor-element elementor-element-79dc66a\" data-id=\"79dc66a\" data-element_type=\"column\">\n\t\t\t<div class=\"elementor-widget-wrap elementor-element-populated\">\n\t\t\t\t\t\t<div class=\"elementor-element elementor-element-bcc6cfe elementor-widget elementor-widget-spacer\" data-id=\"bcc6cfe\" data-element_type=\"widget\" data-widget_type=\"spacer.default\">\n\t\t\t\t<div class=\"elementor-widget-container\">\n\t\t\t\t\t\t\t<div class=\"elementor-spacer\">\n\t\t\t<div class=\"elementor-spacer-inner\"><\/div>\n\t\t<\/div>\n\t\t\t\t\t\t<\/div>\n\t\t\t\t<\/div>\n\t\t\t\t<div class=\"elementor-element elementor-element-b17019a elementor-invisible elementor-widget elementor-widget-image\" data-id=\"b17019a\" data-element_type=\"widget\" data-settings=\"{&quot;_animation&quot;:&quot;fadeInUp&quot;}\" data-widget_type=\"image.default\">\n\t\t\t\t<div class=\"elementor-widget-container\">\n\t\t\t\t\t\t\t\t\t\t\t\t\t\t\t<img fetchpriority=\"high\" decoding=\"async\" width=\"768\" height=\"1024\" src=\"https:\/\/janeagenciacreativa.com\/wp-content\/uploads\/2025\/03\/IMG_0722-768x1024.jpg\" class=\"attachment-medium_large size-medium_large wp-image-2810\" alt=\"\" srcset=\"https:\/\/janeagenciacreativa.com\/wp-content\/uploads\/2025\/03\/IMG_0722-768x1024.jpg 768w, https:\/\/janeagenciacreativa.com\/wp-content\/uploads\/2025\/03\/IMG_0722-225x300.jpg 225w, https:\/\/janeagenciacreativa.com\/wp-content\/uploads\/2025\/03\/IMG_0722-1152x1536.jpg 1152w, https:\/\/janeagenciacreativa.com\/wp-content\/uploads\/2025\/03\/IMG_0722.jpg 1410w\" sizes=\"(max-width: 768px) 100vw, 768px\" \/>\t\t\t\t\t\t\t\t\t\t\t\t\t\t\t<\/div>\n\t\t\t\t<\/div>\n\t\t\t\t\t<\/div>\n\t\t<\/div>\n\t\t\t\t\t<\/div>\n\t\t<\/section>\n\t\t\t\t<\/div>\n\t\t","protected":false},"excerpt":{"rendered":"<p>\u00a1Hola soy Jane! Fundadora de @JaneAgenciaCreativa Soy la mente creativa detr\u00e1s de Jane Michelle Agencia Creativa, un espacio donde las ideas se transforman en marcas con identidad, intenci\u00f3n y conexi\u00f3n. Mi camino comenz\u00f3 en 2019 en Venezuela, creando fotograf\u00eda para cursos y proyectos de maquilladoras, tiendas de ropas online y de accesorios. All\u00ed descubr\u00ed algo &hellip;<\/p>\n<p class=\"read-more\"> <a class=\"\" href=\"https:\/\/janeagenciacreativa.com\/index.php\/conoceme\/\"> <span class=\"screen-reader-text\">Con\u00f3ceme<\/span> Leer m\u00e1s &raquo;<\/a><\/p>\n","protected":false},"author":1,"featured_media":0,"parent":0,"menu_order":0,"comment_status":"closed","ping_status":"closed","template":"","meta":{"footnotes":""},"class_list":["post-462","page","type-page","status-publish","hentry"],"_links":{"self":[{"href":"https:\/\/janeagenciacreativa.com\/index.php\/wp-json\/wp\/v2\/pages\/462","targetHints":{"allow":["GET"]}}],"collection":[{"href":"https:\/\/janeagenciacreativa.com\/index.php\/wp-json\/wp\/v2\/pages"}],"about":[{"href":"https:\/\/janeagenciacreativa.com\/index.php\/wp-json\/wp\/v2\/types\/page"}],"author":[{"embeddable":true,"href":"https:\/\/janeagenciacreativa.com\/index.php\/wp-json\/wp\/v2\/users\/1"}],"replies":[{"embeddable":true,"href":"https:\/\/janeagenciacreativa.com\/index.php\/wp-json\/wp\/v2\/comments?post=462"}],"version-history":[{"count":125,"href":"https:\/\/janeagenciacreativa.com\/index.php\/wp-json\/wp\/v2\/pages\/462\/revisions"}],"predecessor-version":[{"id":3175,"href":"https:\/\/janeagenciacreativa.com\/index.php\/wp-json\/wp\/v2\/pages\/462\/revisions\/3175"}],"wp:attachment":[{"href":"https:\/\/janeagenciacreativa.com\/index.php\/wp-json\/wp\/v2\/media?parent=462"}],"curies":[{"name":"wp","href":"https:\/\/api.w.org\/{rel}","templated":true}]}}