{"id":3071,"date":"2025-03-13T22:05:21","date_gmt":"2025-03-13T22:05:21","guid":{"rendered":"https:\/\/janeagenciacreativa.com\/?page_id=3071"},"modified":"2025-03-13T22:25:50","modified_gmt":"2025-03-13T22:25:50","slug":"estampados","status":"publish","type":"page","link":"https:\/\/janeagenciacreativa.com\/index.php\/estampados\/","title":{"rendered":"Estampados"},"content":{"rendered":"\t\t<div data-elementor-type=\"wp-page\" data-elementor-id=\"3071\" class=\"elementor elementor-3071\" data-elementor-post-type=\"page\">\n\t\t\t\t\t\t<section class=\"elementor-section elementor-top-section elementor-element elementor-element-e22256e elementor-section-boxed elementor-section-height-default elementor-section-height-default\" data-id=\"e22256e\" data-element_type=\"section\">\n\t\t\t\t\t\t<div class=\"elementor-container elementor-column-gap-default\">\n\t\t\t\t\t<div class=\"elementor-column elementor-col-100 elementor-top-column elementor-element elementor-element-4795e81\" data-id=\"4795e81\" data-element_type=\"column\">\n\t\t\t<div class=\"elementor-widget-wrap elementor-element-populated\">\n\t\t\t\t\t\t<div class=\"elementor-element elementor-element-79b2b67 elementor-invisible elementor-widget elementor-widget-heading\" data-id=\"79b2b67\" data-element_type=\"widget\" data-settings=\"{&quot;_animation&quot;:&quot;fadeInUp&quot;}\" data-widget_type=\"heading.default\">\n\t\t\t\t<div class=\"elementor-widget-container\">\n\t\t\t\t\t<h2 class=\"elementor-heading-title elementor-size-default\">ESTAMPADOS<\/h2>\t\t\t\t<\/div>\n\t\t\t\t<\/div>\n\t\t\t\t<div class=\"elementor-element elementor-element-a41f980 elementor-invisible elementor-widget elementor-widget-text-editor\" data-id=\"a41f980\" data-element_type=\"widget\" data-settings=\"{&quot;_animation&quot;:&quot;fadeInUp&quot;}\" data-widget_type=\"text-editor.default\">\n\t\t\t\t<div class=\"elementor-widget-container\">\n\t\t\t\t\t\t\t\t\t<p data-pm-slice=\"1 1 []\">Haz que tu estilo hable por ti con nuestros estampados. Ofrecemos dise\u00f1os personalizados en camisetas, sudaderas, tote bags, estuches y m\u00e1s. Ya sea que busques una pieza exclusiva, un regalo especial \u00f3 uniformes personalizados, nuestros estampados en vinil textil se adaptan a cualquier necesidad de alta calidad que garantiza colores vibrantes, excelente durabilidad y un acabado profesional.<\/p>\t\t\t\t\t\t\t\t<\/div>\n\t\t\t\t<\/div>\n\t\t\t\t\t<\/div>\n\t\t<\/div>\n\t\t\t\t\t<\/div>\n\t\t<\/section>\n\t\t\t\t<section class=\"elementor-section elementor-top-section elementor-element elementor-element-d82a4c6 elementor-section-boxed elementor-section-height-default elementor-section-height-default\" data-id=\"d82a4c6\" data-element_type=\"section\">\n\t\t\t\t\t\t<div class=\"elementor-container elementor-column-gap-default\">\n\t\t\t\t\t<div class=\"elementor-column elementor-col-50 elementor-top-column elementor-element elementor-element-c909597\" data-id=\"c909597\" data-element_type=\"column\">\n\t\t\t<div class=\"elementor-widget-wrap elementor-element-populated\">\n\t\t\t\t\t\t<div class=\"elementor-element elementor-element-c835dd4 elementor-widget__width-initial elementor--h-position-center elementor--v-position-middle elementor-arrows-position-inside elementor-pagination-position-inside elementor-invisible elementor-widget elementor-widget-slides\" data-id=\"c835dd4\" data-element_type=\"widget\" data-settings=\"{&quot;_animation&quot;:&quot;fadeInUp&quot;,&quot;navigation&quot;:&quot;both&quot;,&quot;autoplay&quot;:&quot;yes&quot;,&quot;pause_on_hover&quot;:&quot;yes&quot;,&quot;pause_on_interaction&quot;:&quot;yes&quot;,&quot;autoplay_speed&quot;:5000,&quot;infinite&quot;:&quot;yes&quot;,&quot;transition&quot;:&quot;slide&quot;,&quot;transition_speed&quot;:500}\" data-widget_type=\"slides.default\">\n\t\t\t\t<div class=\"elementor-widget-container\">\n\t\t\t\t\t\t\t\t\t<div class=\"elementor-swiper\">\n\t\t\t\t\t<div class=\"elementor-slides-wrapper elementor-main-swiper swiper\" role=\"region\" aria-roledescription=\"carousel\" aria-label=\"Slides\" dir=\"ltr\" data-animation=\"fadeInUp\">\n\t\t\t\t<div class=\"swiper-wrapper elementor-slides\">\n\t\t\t\t\t\t\t\t\t\t<div class=\"elementor-repeater-item-0ce7402 swiper-slide\" role=\"group\" aria-roledescription=\"slide\"><div class=\"swiper-slide-bg\" role=\"img\"><\/div><div class=\"swiper-slide-inner\" ><div class=\"swiper-slide-contents\"><div class=\"elementor-slide-heading\">Material resistente<\/div><div class=\"elementor-slide-description\">Vinil textil de alta calidad que no se agrieta ni se despega f\u00e1cilmente<\/div><\/div><\/div><\/div><div class=\"elementor-repeater-item-2b1307d swiper-slide\" role=\"group\" aria-roledescription=\"slide\"><div class=\"swiper-slide-bg\" role=\"img\"><\/div><div class=\"swiper-slide-inner\" ><div class=\"swiper-slide-contents\"><div class=\"elementor-slide-heading\">Variedad de colores y acabados<\/div><div class=\"elementor-slide-description\">Mate, brillante, ne\u00f3n, hologr\u00e1fico, met\u00e1lico y m\u00e1s.<\/div><\/div><\/div><\/div><div class=\"elementor-repeater-item-567c04e swiper-slide\" role=\"group\" aria-roledescription=\"slide\"><div class=\"swiper-slide-bg\" role=\"img\"><\/div><div class=\"swiper-slide-inner\" ><div class=\"swiper-slide-contents\"><div class=\"elementor-slide-heading\">Apto para diferentes prendas<\/div><div class=\"elementor-slide-description\">Aplicable en camisetas, sudaderas, uniformes, gorras y m\u00e1s.<\/div><\/div><\/div><\/div><div class=\"elementor-repeater-item-cc9b0ae swiper-slide\" role=\"group\" aria-roledescription=\"slide\"><div class=\"swiper-slide-bg\" role=\"img\"><\/div><div class=\"swiper-slide-inner\" ><div class=\"swiper-slide-contents\"><div class=\"elementor-slide-heading\">Personalizaci\u00f3n total<\/div><div class=\"elementor-slide-description\">Dise\u00f1os \u00fanicos, nombres, logos y gr\u00e1ficos especiales.<\/div><\/div><\/div><\/div><div class=\"elementor-repeater-item-8bfaa64 swiper-slide\" role=\"group\" aria-roledescription=\"slide\"><div class=\"swiper-slide-bg\" role=\"img\"><\/div><div class=\"swiper-slide-inner\" ><div class=\"swiper-slide-contents\"><div class=\"elementor-slide-heading\">Durabilidad y f\u00e1cil mantenimiento<\/div><div class=\"elementor-slide-description\">Resistente a lavados y desgaste diario.<\/div><\/div><\/div><\/div>\t\t\t\t<\/div>\n\t\t\t\t\t\t\t\t\t\t\t\t\t\t\t<div class=\"elementor-swiper-button elementor-swiper-button-prev\" role=\"button\" tabindex=\"0\" aria-label=\"Previous slide\">\n\t\t\t\t\t\t\t<i aria-hidden=\"true\" class=\"eicon-chevron-left\"><\/i>\t\t\t\t\t\t<\/div>\n\t\t\t\t\t\t<div class=\"elementor-swiper-button elementor-swiper-button-next\" role=\"button\" tabindex=\"0\" aria-label=\"Next slide\">\n\t\t\t\t\t\t\t<i aria-hidden=\"true\" class=\"eicon-chevron-right\"><\/i>\t\t\t\t\t\t<\/div>\n\t\t\t\t\t\t\t\t\t\t\t\t\t\t\t\t<div class=\"swiper-pagination\"><\/div>\n\t\t\t\t\t\t\t\t\t\t\t\t<\/div>\n\t\t\t\t<\/div>\n\t\t\t\t\t\t\t\t<\/div>\n\t\t\t\t<\/div>\n\t\t\t\t\t<\/div>\n\t\t<\/div>\n\t\t\t\t<div class=\"elementor-column elementor-col-50 elementor-top-column elementor-element elementor-element-a689077 elementor-invisible\" data-id=\"a689077\" data-element_type=\"column\" data-settings=\"{&quot;animation&quot;:&quot;fadeInUp&quot;}\">\n\t\t\t<div class=\"elementor-widget-wrap elementor-element-populated\">\n\t\t\t\t\t\t<div class=\"elementor-element elementor-element-2335362 elementor-widget elementor-widget-image\" data-id=\"2335362\" data-element_type=\"widget\" data-widget_type=\"image.default\">\n\t\t\t\t<div class=\"elementor-widget-container\">\n\t\t\t\t\t\t\t\t\t\t\t\t\t\t\t<img fetchpriority=\"high\" decoding=\"async\" width=\"1024\" height=\"683\" src=\"https:\/\/janeagenciacreativa.com\/wp-content\/uploads\/2025\/03\/tote-bag-1024x683.jpg\" class=\"attachment-large size-large wp-image-2914\" alt=\"\" srcset=\"https:\/\/janeagenciacreativa.com\/wp-content\/uploads\/2025\/03\/tote-bag-1024x683.jpg 1024w, https:\/\/janeagenciacreativa.com\/wp-content\/uploads\/2025\/03\/tote-bag-300x200.jpg 300w, https:\/\/janeagenciacreativa.com\/wp-content\/uploads\/2025\/03\/tote-bag-768x512.jpg 768w, https:\/\/janeagenciacreativa.com\/wp-content\/uploads\/2025\/03\/tote-bag-1536x1024.jpg 1536w, https:\/\/janeagenciacreativa.com\/wp-content\/uploads\/2025\/03\/tote-bag-2048x1365.jpg 2048w\" sizes=\"(max-width: 1024px) 100vw, 1024px\" \/>\t\t\t\t\t\t\t\t\t\t\t\t\t\t\t<\/div>\n\t\t\t\t<\/div>\n\t\t\t\t\t<\/div>\n\t\t<\/div>\n\t\t\t\t\t<\/div>\n\t\t<\/section>\n\t\t\t\t<section class=\"elementor-section elementor-top-section elementor-element elementor-element-373a1ef elementor-section-boxed elementor-section-height-default elementor-section-height-default\" data-id=\"373a1ef\" data-element_type=\"section\">\n\t\t\t\t\t\t<div class=\"elementor-container elementor-column-gap-default\">\n\t\t\t\t\t<div class=\"elementor-column elementor-col-50 elementor-top-column elementor-element elementor-element-00d0ad4\" data-id=\"00d0ad4\" data-element_type=\"column\">\n\t\t\t<div class=\"elementor-widget-wrap elementor-element-populated\">\n\t\t\t\t\t\t<div class=\"elementor-element elementor-element-704088b elementor-invisible elementor-widget elementor-widget-image\" data-id=\"704088b\" data-element_type=\"widget\" data-settings=\"{&quot;_animation&quot;:&quot;fadeInUp&quot;}\" data-widget_type=\"image.default\">\n\t\t\t\t<div class=\"elementor-widget-container\">\n\t\t\t\t\t\t\t\t\t\t\t\t\t\t\t<img decoding=\"async\" width=\"768\" height=\"1024\" src=\"https:\/\/janeagenciacreativa.com\/wp-content\/uploads\/2025\/03\/IMG_1021-768x1024.jpg\" class=\"attachment-large size-large wp-image-3074\" alt=\"\" srcset=\"https:\/\/janeagenciacreativa.com\/wp-content\/uploads\/2025\/03\/IMG_1021-768x1024.jpg 768w, https:\/\/janeagenciacreativa.com\/wp-content\/uploads\/2025\/03\/IMG_1021-225x300.jpg 225w, https:\/\/janeagenciacreativa.com\/wp-content\/uploads\/2025\/03\/IMG_1021-1152x1536.jpg 1152w, https:\/\/janeagenciacreativa.com\/wp-content\/uploads\/2025\/03\/IMG_1021.jpg 1536w\" sizes=\"(max-width: 768px) 100vw, 768px\" \/>\t\t\t\t\t\t\t\t\t\t\t\t\t\t\t<\/div>\n\t\t\t\t<\/div>\n\t\t\t\t\t<\/div>\n\t\t<\/div>\n\t\t\t\t<div class=\"elementor-column elementor-col-50 elementor-top-column elementor-element elementor-element-d65f2c1\" data-id=\"d65f2c1\" data-element_type=\"column\">\n\t\t\t<div class=\"elementor-widget-wrap elementor-element-populated\">\n\t\t\t\t\t\t<div class=\"elementor-element elementor-element-62dd4d7 elementor-invisible elementor-widget elementor-widget-image\" data-id=\"62dd4d7\" data-element_type=\"widget\" data-settings=\"{&quot;_animation&quot;:&quot;fadeInUp&quot;}\" data-widget_type=\"image.default\">\n\t\t\t\t<div class=\"elementor-widget-container\">\n\t\t\t\t\t\t\t\t\t\t\t\t\t\t\t<img decoding=\"async\" width=\"768\" height=\"1024\" src=\"https:\/\/janeagenciacreativa.com\/wp-content\/uploads\/2025\/03\/IMG_9721-768x1024.jpg\" class=\"attachment-large size-large wp-image-3073\" alt=\"\" srcset=\"https:\/\/janeagenciacreativa.com\/wp-content\/uploads\/2025\/03\/IMG_9721-768x1024.jpg 768w, https:\/\/janeagenciacreativa.com\/wp-content\/uploads\/2025\/03\/IMG_9721-225x300.jpg 225w, https:\/\/janeagenciacreativa.com\/wp-content\/uploads\/2025\/03\/IMG_9721-1152x1536.jpg 1152w, https:\/\/janeagenciacreativa.com\/wp-content\/uploads\/2025\/03\/IMG_9721.jpg 1536w\" sizes=\"(max-width: 768px) 100vw, 768px\" \/>\t\t\t\t\t\t\t\t\t\t\t\t\t\t\t<\/div>\n\t\t\t\t<\/div>\n\t\t\t\t\t<\/div>\n\t\t<\/div>\n\t\t\t\t\t<\/div>\n\t\t<\/section>\n\t\t\t\t<section class=\"elementor-section elementor-top-section elementor-element elementor-element-c302e9d elementor-section-boxed elementor-section-height-default elementor-section-height-default\" data-id=\"c302e9d\" data-element_type=\"section\">\n\t\t\t\t\t\t<div class=\"elementor-container elementor-column-gap-default\">\n\t\t\t\t\t<div class=\"elementor-column elementor-col-50 elementor-top-column elementor-element elementor-element-036e5cb\" data-id=\"036e5cb\" data-element_type=\"column\">\n\t\t\t<div class=\"elementor-widget-wrap elementor-element-populated\">\n\t\t\t\t\t\t<div class=\"elementor-element elementor-element-662d0a4 elementor-invisible elementor-widget elementor-widget-heading\" data-id=\"662d0a4\" data-element_type=\"widget\" data-settings=\"{&quot;_animation&quot;:&quot;fadeInUp&quot;}\" data-widget_type=\"heading.default\">\n\t\t\t\t<div class=\"elementor-widget-container\">\n\t\t\t\t\t<h2 class=\"elementor-heading-title elementor-size-default\">\u00a1Cont\u00e1ctanos y personaliza tu ropa con estilo!<\/h2>\t\t\t\t<\/div>\n\t\t\t\t<\/div>\n\t\t\t\t<div class=\"elementor-element elementor-element-9ce8db8 elementor-invisible elementor-widget elementor-widget-wpforms\" data-id=\"9ce8db8\" data-element_type=\"widget\" data-settings=\"{&quot;_animation&quot;:&quot;fadeInUp&quot;}\" data-widget_type=\"wpforms.default\">\n\t\t\t\t<div class=\"elementor-widget-container\">\n\t\t\t\t\t<div class=\"wpforms-container \" id=\"wpforms-8\"><form id=\"wpforms-form-8\" class=\"wpforms-validate wpforms-form wpforms-ajax-form\" data-formid=\"8\" method=\"post\" enctype=\"multipart\/form-data\" action=\"\/index.php\/wp-json\/wp\/v2\/pages\/3071\" data-token=\"5383383e472af782885d3bb3df715dca\" data-token-time=\"1778505700\"><noscript class=\"wpforms-error-noscript\">Por favor, activa JavaScript en tu navegador para completar este formulario.<\/noscript><div class=\"wpforms-field-container\"><div id=\"wpforms-8-field_0-container\" class=\"wpforms-field wpforms-field-name\" data-field-id=\"0\"><label class=\"wpforms-field-label\" for=\"wpforms-8-field_0\">Nombre y Apellido <span class=\"wpforms-required-label\">*<\/span><\/label><input type=\"text\" id=\"wpforms-8-field_0\" class=\"wpforms-field-large wpforms-field-required\" name=\"wpforms[fields][0]\" required><\/div><div id=\"wpforms-8-field_1-container\" class=\"wpforms-field wpforms-field-email\" data-field-id=\"1\"><label class=\"wpforms-field-label\" for=\"wpforms-8-field_1\">Email <span class=\"wpforms-required-label\">*<\/span><\/label><input type=\"email\" id=\"wpforms-8-field_1\" class=\"wpforms-field-large wpforms-field-required\" name=\"wpforms[fields][1]\" spellcheck=\"false\" required><\/div><div id=\"wpforms-8-field_10-container\" class=\"wpforms-field wpforms-field-text\" data-field-id=\"10\"><label class=\"wpforms-field-label\" for=\"wpforms-8-field_10\">\u00bfEn qu\u00e9 pa\u00eds te encuentras? <span class=\"wpforms-required-label\">*<\/span><\/label><input type=\"text\" id=\"wpforms-8-field_10\" class=\"wpforms-field-medium wpforms-field-required\" name=\"wpforms[fields][10]\" required><\/div><div id=\"wpforms-8-field_11-container\" class=\"wpforms-field wpforms-field-text\" data-field-id=\"11\"><label class=\"wpforms-field-label\" for=\"wpforms-8-field_11\">Nombre del proyecto, marca o empresa <span class=\"wpforms-required-label\">*<\/span><\/label><input type=\"text\" id=\"wpforms-8-field_11\" class=\"wpforms-field-medium wpforms-field-required\" name=\"wpforms[fields][11]\" required><\/div><div id=\"wpforms-8-field_14-container\" class=\"wpforms-field wpforms-field-select wpforms-field-select-style-classic\" data-field-id=\"14\"><label class=\"wpforms-field-label\" for=\"wpforms-8-field_14\">\u00bfCu\u00e1l servicio te interesa? <span class=\"wpforms-required-label\">*<\/span><\/label><select id=\"wpforms-8-field_14\" class=\"wpforms-field-medium wpforms-field-required\" name=\"wpforms[fields][14]\" required=\"required\"><option value=\"Branding\"  selected='selected'>Branding<\/option><option value=\"Dise\u00f1o de portadas\" >Dise\u00f1o de portadas<\/option><option value=\"Dise\u00f1o gr\u00e1fico personalizado\" >Dise\u00f1o gr\u00e1fico personalizado<\/option><option value=\"Fotograf\u00eda profesional\" >Fotograf\u00eda profesional<\/option><option value=\"Estampados Personalizados\" >Estampados Personalizados<\/option><option value=\"Pegatinas Personalizadas\" >Pegatinas Personalizadas<\/option><option value=\"Otros servicios\" >Otros servicios<\/option><\/select><\/div><div id=\"wpforms-8-field_3-container\" class=\"wpforms-field wpforms-field-text\" data-field-id=\"3\"><label class=\"wpforms-field-label\" for=\"wpforms-8-field_3\">Asunto <span class=\"wpforms-required-label\">*<\/span><\/label><input type=\"text\" id=\"wpforms-8-field_3\" class=\"wpforms-field-large wpforms-field-required\" name=\"wpforms[fields][3]\" required><\/div><div id=\"wpforms-8-field_2-container\" class=\"wpforms-field wpforms-field-textarea\" data-field-id=\"2\"><label class=\"wpforms-field-label\" for=\"wpforms-8-field_2\">Mensaje <span class=\"wpforms-required-label\">*<\/span><\/label><textarea id=\"wpforms-8-field_2\" class=\"wpforms-field-medium wpforms-field-required\" name=\"wpforms[fields][2]\" required><\/textarea><\/div><\/div><!-- .wpforms-field-container --><div class=\"wpforms-recaptcha-container wpforms-is-recaptcha wpforms-is-recaptcha-type-v3\" ><input type=\"hidden\" name=\"wpforms[recaptcha]\" value=\"\"><\/div><div class=\"wpforms-submit-container\" ><input type=\"hidden\" name=\"wpforms[id]\" value=\"8\"><input type=\"hidden\" name=\"page_title\" value=\"\"><input type=\"hidden\" name=\"page_url\" value=\"https:\/\/janeagenciacreativa.com\/index.php\/wp-json\/wp\/v2\/pages\/3071\"><input type=\"hidden\" name=\"url_referer\" value=\"\"><button type=\"submit\" name=\"wpforms[submit]\" id=\"wpforms-submit-8\" class=\"wpforms-submit\" data-alt-text=\"Enviando\" data-submit-text=\"Enviar\" aria-live=\"assertive\" value=\"wpforms-submit\">Enviar<\/button><img loading=\"lazy\" decoding=\"async\" src=\"https:\/\/janeagenciacreativa.com\/wp-content\/plugins\/wpforms-lite\/assets\/images\/submit-spin.svg\" class=\"wpforms-submit-spinner\" style=\"display: none;\" width=\"26\" height=\"26\" alt=\"Cargando\"><\/div><\/form><\/div>  <!-- .wpforms-container -->\t\t\t\t<\/div>\n\t\t\t\t<\/div>\n\t\t\t\t\t<\/div>\n\t\t<\/div>\n\t\t\t\t<div class=\"elementor-column elementor-col-50 elementor-top-column elementor-element elementor-element-276d351\" data-id=\"276d351\" data-element_type=\"column\">\n\t\t\t<div class=\"elementor-widget-wrap elementor-element-populated\">\n\t\t\t\t\t\t<div class=\"elementor-element elementor-element-3d1c630 elementor-invisible elementor-widget elementor-widget-image\" data-id=\"3d1c630\" data-element_type=\"widget\" data-settings=\"{&quot;_animation&quot;:&quot;fadeInUp&quot;}\" data-widget_type=\"image.default\">\n\t\t\t\t<div class=\"elementor-widget-container\">\n\t\t\t\t\t\t\t\t\t\t\t\t\t\t\t<img loading=\"lazy\" decoding=\"async\" width=\"1024\" height=\"1024\" src=\"https:\/\/janeagenciacreativa.com\/wp-content\/uploads\/2025\/03\/02-1024x1024.jpg\" class=\"attachment-large size-large wp-image-3097\" alt=\"\" srcset=\"https:\/\/janeagenciacreativa.com\/wp-content\/uploads\/2025\/03\/02-1024x1024.jpg 1024w, https:\/\/janeagenciacreativa.com\/wp-content\/uploads\/2025\/03\/02-300x300.jpg 300w, https:\/\/janeagenciacreativa.com\/wp-content\/uploads\/2025\/03\/02-150x150.jpg 150w, https:\/\/janeagenciacreativa.com\/wp-content\/uploads\/2025\/03\/02-768x768.jpg 768w, https:\/\/janeagenciacreativa.com\/wp-content\/uploads\/2025\/03\/02.jpg 1536w\" sizes=\"(max-width: 1024px) 100vw, 1024px\" \/>\t\t\t\t\t\t\t\t\t\t\t\t\t\t\t<\/div>\n\t\t\t\t<\/div>\n\t\t\t\t\t<\/div>\n\t\t<\/div>\n\t\t\t\t\t<\/div>\n\t\t<\/section>\n\t\t\t\t<\/div>\n\t\t","protected":false},"excerpt":{"rendered":"<p>ESTAMPADOS Haz que tu estilo hable por ti con nuestros estampados. Ofrecemos dise\u00f1os personalizados en camisetas, sudaderas, tote bags, estuches y m\u00e1s. Ya sea que busques una pieza exclusiva, un regalo especial \u00f3 uniformes personalizados, nuestros estampados en vinil textil se adaptan a cualquier necesidad de alta calidad que garantiza colores vibrantes, excelente durabilidad y &hellip;<\/p>\n<p class=\"read-more\"> <a class=\"\" href=\"https:\/\/janeagenciacreativa.com\/index.php\/estampados\/\"> <span class=\"screen-reader-text\">Estampados<\/span> Leer m\u00e1s &raquo;<\/a><\/p>\n","protected":false},"author":2,"featured_media":0,"parent":0,"menu_order":0,"comment_status":"closed","ping_status":"closed","template":"","meta":{"footnotes":""},"class_list":["post-3071","page","type-page","status-publish","hentry"],"_links":{"self":[{"href":"https:\/\/janeagenciacreativa.com\/index.php\/wp-json\/wp\/v2\/pages\/3071","targetHints":{"allow":["GET"]}}],"collection":[{"href":"https:\/\/janeagenciacreativa.com\/index.php\/wp-json\/wp\/v2\/pages"}],"about":[{"href":"https:\/\/janeagenciacreativa.com\/index.php\/wp-json\/wp\/v2\/types\/page"}],"author":[{"embeddable":true,"href":"https:\/\/janeagenciacreativa.com\/index.php\/wp-json\/wp\/v2\/users\/2"}],"replies":[{"embeddable":true,"href":"https:\/\/janeagenciacreativa.com\/index.php\/wp-json\/wp\/v2\/comments?post=3071"}],"version-history":[{"count":10,"href":"https:\/\/janeagenciacreativa.com\/index.php\/wp-json\/wp\/v2\/pages\/3071\/revisions"}],"predecessor-version":[{"id":3103,"href":"https:\/\/janeagenciacreativa.com\/index.php\/wp-json\/wp\/v2\/pages\/3071\/revisions\/3103"}],"wp:attachment":[{"href":"https:\/\/janeagenciacreativa.com\/index.php\/wp-json\/wp\/v2\/media?parent=3071"}],"curies":[{"name":"wp","href":"https:\/\/api.w.org\/{rel}","templated":true}]}}